{"id":806,"date":"2026-01-11T21:09:08","date_gmt":"2026-01-11T20:09:08","guid":{"rendered":"https:\/\/rotary-classic.ch\/?page_id=806"},"modified":"2026-01-22T20:51:18","modified_gmt":"2026-01-22T19:51:18","slug":"ausblick-rueckblick","status":"publish","type":"page","link":"https:\/\/rotary-classic.ch\/","title":{"rendered":"Ausblick &#8211; R\u00fcckblick"},"content":{"rendered":"\t\t<div data-elementor-type=\"wp-page\" data-elementor-id=\"806\" class=\"elementor elementor-806\">\n\t\t\t\t<div class=\"elementor-element elementor-element-50eac30 e-flex e-con-boxed e-con e-parent\" data-id=\"50eac30\" data-element_type=\"container\" data-e-type=\"container\" data-settings=\"{&quot;background_background&quot;:&quot;classic&quot;}\">\n\t\t\t\t\t<div class=\"e-con-inner\">\n\t\t\t\t<div class=\"elementor-element elementor-element-af612e7 elementor-widget elementor-widget-heading\" data-id=\"af612e7\" data-element_type=\"widget\" data-e-type=\"widget\" data-widget_type=\"heading.default\">\n\t\t\t\t\t<h2 class=\"elementor-heading-title elementor-size-default\">Rotary Classic<\/h2>\t\t\t\t<\/div>\n\t\t\t\t\t<\/div>\n\t\t\t\t<\/div>\n\t\t<div class=\"elementor-element elementor-element-738ca83 elementor-hidden-mobile e-flex e-con-boxed e-con e-parent\" data-id=\"738ca83\" data-element_type=\"container\" data-e-type=\"container\" data-settings=\"{&quot;background_background&quot;:&quot;classic&quot;}\">\n\t\t\t\t\t<div class=\"e-con-inner\">\n\t\t\t\t\t<\/div>\n\t\t\t\t<\/div>\n\t\t<div class=\"elementor-element elementor-element-0317757 e-flex e-con-boxed e-con e-parent\" data-id=\"0317757\" data-element_type=\"container\" data-e-type=\"container\" data-settings=\"{&quot;background_background&quot;:&quot;classic&quot;}\">\n\t\t\t\t\t<div class=\"e-con-inner\">\n\t\t\t\t<div class=\"elementor-element elementor-element-41c7da2 elementor-hidden-desktop elementor-hidden-tablet elementor-widget elementor-widget-image\" data-id=\"41c7da2\" data-element_type=\"widget\" data-e-type=\"widget\" data-widget_type=\"image.default\">\n\t\t\t\t\t\t\t\t\t\t\t\t\t\t\t<img fetchpriority=\"high\" decoding=\"async\" width=\"567\" height=\"546\" src=\"https:\/\/rotary-classic.ch\/wp-content\/uploads\/2026\/01\/Frontbild-schmal.jpg\" class=\"attachment-large size-large wp-image-769\" alt=\"\" srcset=\"https:\/\/rotary-classic.ch\/wp-content\/uploads\/2026\/01\/Frontbild-schmal.jpg 567w, https:\/\/rotary-classic.ch\/wp-content\/uploads\/2026\/01\/Frontbild-schmal-300x289.jpg 300w\" sizes=\"(max-width: 567px) 100vw, 567px\" \/>\t\t\t\t\t\t\t\t\t\t\t\t\t\t\t<\/div>\n\t\t\t\t\t<\/div>\n\t\t\t\t<\/div>\n\t\t<div class=\"elementor-element elementor-element-55b4eb9 e-flex e-con-boxed e-con e-parent\" data-id=\"55b4eb9\" data-element_type=\"container\" data-e-type=\"container\" data-settings=\"{&quot;background_background&quot;:&quot;classic&quot;}\">\n\t\t\t\t\t<div class=\"e-con-inner\">\n\t\t<div class=\"elementor-element elementor-element-2096cc0 e-con-full e-flex e-con e-child\" data-id=\"2096cc0\" data-element_type=\"container\" data-e-type=\"container\">\n\t\t\t\t<\/div>\n\t\t\t\t<div class=\"elementor-element elementor-element-97b4843 elementor-widget-divider--view-line elementor-widget elementor-widget-divider\" data-id=\"97b4843\" data-element_type=\"widget\" data-e-type=\"widget\" data-widget_type=\"divider.default\">\n\t\t\t\t\t\t\t<div class=\"elementor-divider\">\n\t\t\t<span class=\"elementor-divider-separator\">\n\t\t\t\t\t\t<\/span>\n\t\t<\/div>\n\t\t\t\t\t\t<\/div>\n\t\t\t\t<div class=\"elementor-element elementor-element-1976f52 elementor-widget elementor-widget-text-editor\" data-id=\"1976f52\" data-element_type=\"widget\" data-e-type=\"widget\" data-widget_type=\"text-editor.default\">\n\t\t\t\t\t\t\t\t\t<p>Die\u00a0<strong>\u00a07. Rotary Classic<\/strong>\u00a0startet am\u00a0<strong>9. Mai 2026<\/strong>. Die Startpl\u00e4tze sind allesamt vergeben, wir f\u00fchren eine Warteliste. Das Anmeldeformular findet sich\u00a0<a href=\"https:\/\/rotary-classic.ch\/wp-content\/uploads\/2026\/01\/Anmeldeunterlagen_Rotary-Classic-2026.pdf\" target=\"_blank\" rel=\"noopener\" data-wplink-url-error=\"true\">hier<\/a>.\u00a0\u00a0<\/p>\t\t\t\t\t\t\t\t<\/div>\n\t\t\t\t<div class=\"elementor-element elementor-element-aac23ac elementor-widget-divider--view-line elementor-widget elementor-widget-divider\" data-id=\"aac23ac\" data-element_type=\"widget\" data-e-type=\"widget\" data-widget_type=\"divider.default\">\n\t\t\t\t\t\t\t<div class=\"elementor-divider\">\n\t\t\t<span class=\"elementor-divider-separator\">\n\t\t\t\t\t\t<\/span>\n\t\t<\/div>\n\t\t\t\t\t\t<\/div>\n\t\t\t\t<div class=\"elementor-element elementor-element-1e11e4c elementor-widget elementor-widget-heading\" data-id=\"1e11e4c\" data-element_type=\"widget\" data-e-type=\"widget\" data-widget_type=\"heading.default\">\n\t\t\t\t\t<h2 class=\"elementor-heading-title elementor-size-default\">R\u00fcckblick - Ausblick<\/h2>\t\t\t\t<\/div>\n\t\t\t\t<div class=\"elementor-element elementor-element-0862e60 elementor-widget-divider--view-line elementor-widget elementor-widget-divider\" data-id=\"0862e60\" data-element_type=\"widget\" data-e-type=\"widget\" data-widget_type=\"divider.default\">\n\t\t\t\t\t\t\t<div class=\"elementor-divider\">\n\t\t\t<span class=\"elementor-divider-separator\">\n\t\t\t\t\t\t<\/span>\n\t\t<\/div>\n\t\t\t\t\t\t<\/div>\n\t\t\t\t<div class=\"elementor-element elementor-element-73a44bc elementor-widget elementor-widget-text-editor\" data-id=\"73a44bc\" data-element_type=\"widget\" data-e-type=\"widget\" data-widget_type=\"text-editor.default\">\n\t\t\t\t\t\t\t\t\t<p>Erstmals wurde die Rotary Classic im Bezirk Affoltern am 18. Mai 2019 durchgef\u00fchrt. Die Ausfahrt f\u00fcr Old- und Youngtimer war ein Rundkurs von rund 160 Kilometern und f\u00fchrte vom Startpunkt in Affoltern am Albis bis in die Innerschweiz. Eingeladen waren alle Besitzer eines Fahrzeuges, die gerne in einem Oldtimer oder Youngtimer einen sch\u00f6nen Tag unter Gleichgesinnten verbringen m\u00f6chten.<br \/><a href=\"https:\/\/rotary-classic.ch\/wp-content\/uploads\/2026\/01\/Rangliste-2019.pdf\" target=\"_blank\" rel=\"noopener\" data-wplink-url-error=\"true\">Rangliste 2019<\/a><\/p><p>Die 2. Ausgabe h\u00e4tte im Mai 2020 gestartet werden sollen \u2013 Corona l\u00e4sst gr\u00fcssen! Auch die Verschiebung auf den Mai 2021 ging nicht. So fand die 2. Ausgabe der Rotary Classic am 11. September 2021 statt und f\u00fchrte wiederum \u00fcber 170 Kilometer in die Innerschweiz und zur\u00fcck nach Affoltern a.A.. Diesmal nahmen 68 wundersch\u00f6ne Fahrzeuge teil.\u00a0<a href=\"https:\/\/rotary-classic.ch\/wp-content\/uploads\/2026\/01\/Rangliste-2021.pdf\" target=\"_blank\" rel=\"noopener\" data-wplink-url-error=\"true\">Rangliste 2021<\/a><\/p><p>Am 7. Mai 2022 konnte die 3. Ausgabe der Rotary Classic gestartet werden. Wieder waren 68 Fahrzeuge am Start. Bei doch hin und wieder leichtem Niederschlag schafften es alle Fahrzeuge bis 18 Uhr ins Ziel. Es war einmal mehr eine wunderbare Ausfahrt.<br \/><a href=\"https:\/\/www.beltrona.ch\/rallyes\/rotary-classic-2022\/rallyebericht\" target=\"_blank\" rel=\"noopener\">Rallye-Bericht von Manuel Dubs<\/a><br \/><a href=\"https:\/\/rotary-classic.ch\/wp-content\/uploads\/2026\/01\/Rangliste-Rotary-Classic-2022.pdf\" target=\"_blank\" rel=\"noopener\" data-wplink-url-error=\"true\">Rangliste 2022<\/a><\/p><p>Hier die\u00a0<a href=\"https:\/\/rotary-classic.ch\/wp-content\/uploads\/2026\/01\/Rangliste-2023.pdf\" target=\"_blank\" rel=\"noopener\" data-wplink-url-error=\"true\">Rangliste 2023<\/a><\/p><p>Auch die 5. Rotary Classic ist beendet. Die 73 Fahrzeuge waren am Morgen des 4. Mai 2024 in Affoltern a.A. gestartet. Nach M\u00fcliberg, Buechenegg und Hirzel fuhren die Teilnehmenden mit ihren Wagen in Horgen auf die F\u00e4hre. Im Z\u00fcrcher Oberland gab\u2019s ein feines Mittagessen. Gegen 17 Uhr trafen die ersten Wagen in Affoltern beim Restaurant Molino ein, kurz nach 18 Uhr rollte auch der letzte Wagen durchs Ziel.<br \/>Hier die\u00a0<a href=\"https:\/\/rotary-classic.ch\/wp-content\/uploads\/2026\/01\/Auswertung-Rotary-Classic-2024-Schlussrangliste.pdf\" target=\"_blank\" rel=\"noopener\" data-wplink-url-error=\"true\">Rangliste 2024<\/a>.\u00a0<\/p><p>Hier die\u00a0<a href=\"https:\/\/rotary-classic.ch\/wp-content\/uploads\/2026\/01\/Auswertung-Rotary-Classic-2025-Definitiv.pdf\" target=\"_blank\" rel=\"noopener\" data-wplink-url-error=\"true\">Rangliste 2025<\/a><\/p><p>Impressionen\u00a0 2024<br \/><a href=\"https:\/\/rotary-classic.ch\/wp-content\/uploads\/2026\/01\/Rotary-Classic-2024-100MB.mov\" target=\"_blank\" rel=\"noopener\" data-wplink-url-error=\"true\">Video 2024\u00a0<\/a>\u00a0(100 MB!!) Video zum selbst Posten? Gerne. Zur \u00dcbertragung der Musikrechte: bitte Mail an info@rotary-classic.ch .<\/p><p><a href=\"https:\/\/rotary-classic.ch\/wp-content\/uploads\/2026\/01\/190619_Rotary_Classic_Final_03-2.mp4\" target=\"_blank\" rel=\"noopener\" data-wplink-url-error=\"true\">Video 2019<\/a>\u00a0(33 MB)<\/p><p><a href=\"https:\/\/rotary-classic.ch\/wp-content\/uploads\/2026\/01\/Rotary-Classic-2021-22MB-.mp4\" target=\"_blank\" rel=\"noopener\" data-wplink-url-error=\"true\">Video 2021<\/a>\u00a0 (BlickTV, 21MB)<\/p><p>Zeitungsartikel im\u00a0<a href=\"https:\/\/www.affolteranzeiger.ch\/aktuell\/bezirk-affoltern\/artikelseite-bezirk-affoltern\/?tx_ttnews%5Btt_news%5D=104683&amp;amp;cHash=201c5e529b71173eae686c7ec3fc53eb\" target=\"_blank\" rel=\"noopener\">Anzeiger aus dem Bezirk Affoltern vom 3. Mai 2024<\/a><\/p><p>Zeitungsartikel im\u00a0<a href=\"https:\/\/rotary-classic.ch\/wp-content\/uploads\/2026\/01\/Anzeiger-3.-Mai-2024.png\" target=\"_blank\" rel=\"noopener\" data-wplink-url-error=\"true\">Anzeiger aus dem Bezirk Affoltern vom 13. September 2021<\/a><\/p><p>mehr Fotos bei\u00a0<a href=\"https:\/\/rallye-rohr.ch\/events\/rotary-classic-affoltern-am-albis-2024\" target=\"_blank\" rel=\"noopener\">Rallye-Rohr<\/a><\/p><p><img decoding=\"async\" class=\"attachment-large size-large wp-image-293\" src=\"https:\/\/rotary-classic.ch\/wp-content\/uploads\/2026\/01\/RohrRallye.png\" alt=\"\" width=\"200\" height=\"133\" \/><\/p>\t\t\t\t\t\t\t\t<\/div>\n\t\t\t\t\t<\/div>\n\t\t\t\t<\/div>\n\t\t<div class=\"elementor-element elementor-element-ce3a2b0 e-flex e-con-boxed e-con e-parent\" data-id=\"ce3a2b0\" data-element_type=\"container\" data-e-type=\"container\" data-settings=\"{&quot;background_background&quot;:&quot;classic&quot;}\">\n\t\t\t\t\t<div class=\"e-con-inner\">\n\t\t<div class=\"elementor-element elementor-element-ef7a5d5 e-con-full e-flex e-con e-child\" data-id=\"ef7a5d5\" data-element_type=\"container\" data-e-type=\"container\">\n\t\t\t\t<div class=\"elementor-element elementor-element-55762cf elementor-widget-divider--view-line elementor-widget elementor-widget-divider\" data-id=\"55762cf\" data-element_type=\"widget\" data-e-type=\"widget\" data-widget_type=\"divider.default\">\n\t\t\t\t\t\t\t<div class=\"elementor-divider\">\n\t\t\t<span class=\"elementor-divider-separator\">\n\t\t\t\t\t\t<\/span>\n\t\t<\/div>\n\t\t\t\t\t\t<\/div>\n\t\t\t\t<\/div>\n\t\t\t\t\t<\/div>\n\t\t\t\t<\/div>\n\t\t<div class=\"elementor-element elementor-element-af59b18 e-flex e-con-boxed e-con e-parent\" data-id=\"af59b18\" data-element_type=\"container\" data-e-type=\"container\" data-settings=\"{&quot;background_background&quot;:&quot;classic&quot;}\">\n\t\t\t\t\t<div class=\"e-con-inner\">\n\t\t\t\t<div class=\"elementor-element elementor-element-a48574c elementor-widget elementor-widget-heading\" data-id=\"a48574c\" data-element_type=\"widget\" data-e-type=\"widget\" data-widget_type=\"heading.default\">\n\t\t\t\t\t<h2 class=\"elementor-heading-title elementor-size-default\">Vorank\u00fcndigung:     Die 8. Rotary Classic findet statt am 22. Mai 2027.\n<\/h2>\t\t\t\t<\/div>\n\t\t\t\t\t<\/div>\n\t\t\t\t<\/div>\n\t\t\t\t<\/div>\n\t\t","protected":false},"excerpt":{"rendered":"<p>Rotary Classic Die\u00a0\u00a07. Rotary Classic\u00a0startet am\u00a09. Mai 2026. Die Startpl\u00e4tze sind allesamt vergeben, wir f\u00fchren eine Warteliste. Das Anmeldeformular findet [&hellip;]<\/p>\n","protected":false},"author":1,"featured_media":0,"parent":0,"menu_order":0,"comment_status":"closed","ping_status":"closed","template":"","meta":{"site-sidebar-layout":"no-sidebar","site-content-layout":"","ast-site-content-layout":"full-width-container","site-content-style":"default","site-sidebar-style":"default","ast-global-header-display":"","ast-banner-title-visibility":"","ast-main-header-display":"","ast-hfb-above-header-display":"","ast-hfb-below-header-display":"","ast-hfb-mobile-header-display":"","site-post-title":"disabled","ast-breadcrumbs-content":"","ast-featured-img":"disabled","footer-sml-layout":"","ast-disable-related-posts":"","theme-transparent-header-meta":"","adv-header-id-meta":"","stick-header-meta":"","header-above-stick-meta":"","header-main-stick-meta":"","header-below-stick-meta":"","astra-migrate-meta-layouts":"default","ast-page-background-enabled":"default","ast-page-background-meta":{"desktop":{"background-color":"var(--ast-global-color-5)","background-image":"","background-repeat":"repeat","background-position":"center center","background-size":"auto","background-attachment":"scroll","background-type":"","background-media":"","overlay-type":"","overlay-color":"","overlay-opacity":"","overlay-gradient":""},"tablet":{"background-color":"","background-image":"","background-repeat":"repeat","background-position":"center center","background-size":"auto","background-attachment":"scroll","background-type":"","background-media":"","overlay-type":"","overlay-color":"","overlay-opacity":"","overlay-gradient":""},"mobile":{"background-color":"","background-image":"","background-repeat":"repeat","background-position":"center center","background-size":"auto","background-attachment":"scroll","background-type":"","background-media":"","overlay-type":"","overlay-color":"","overlay-opacity":"","overlay-gradient":""}},"ast-content-background-meta":{"desktop":{"background-color":"var(--ast-global-color-4)","background-image":"","background-repeat":"repeat","background-position":"center center","background-size":"auto","background-attachment":"scroll","background-type":"","background-media":"","overlay-type":"","overlay-color":"","overlay-opacity":"","overlay-gradient":""},"tablet":{"background-color":"var(--ast-global-color-4)","background-image":"","background-repeat":"repeat","background-position":"center center","background-size":"auto","background-attachment":"scroll","background-type":"","background-media":"","overlay-type":"","overlay-color":"","overlay-opacity":"","overlay-gradient":""},"mobile":{"background-color":"var(--ast-global-color-4)","background-image":"","background-repeat":"repeat","background-position":"center center","background-size":"auto","background-attachment":"scroll","background-type":"","background-media":"","overlay-type":"","overlay-color":"","overlay-opacity":"","overlay-gradient":""}},"footnotes":""},"class_list":["post-806","page","type-page","status-publish","hentry"],"_links":{"self":[{"href":"https:\/\/rotary-classic.ch\/index.php\/wp-json\/wp\/v2\/pages\/806","targetHints":{"allow":["GET"]}}],"collection":[{"href":"https:\/\/rotary-classic.ch\/index.php\/wp-json\/wp\/v2\/pages"}],"about":[{"href":"https:\/\/rotary-classic.ch\/index.php\/wp-json\/wp\/v2\/types\/page"}],"author":[{"embeddable":true,"href":"https:\/\/rotary-classic.ch\/index.php\/wp-json\/wp\/v2\/users\/1"}],"replies":[{"embeddable":true,"href":"https:\/\/rotary-classic.ch\/index.php\/wp-json\/wp\/v2\/comments?post=806"}],"version-history":[{"count":53,"href":"https:\/\/rotary-classic.ch\/index.php\/wp-json\/wp\/v2\/pages\/806\/revisions"}],"predecessor-version":[{"id":924,"href":"https:\/\/rotary-classic.ch\/index.php\/wp-json\/wp\/v2\/pages\/806\/revisions\/924"}],"wp:attachment":[{"href":"https:\/\/rotary-classic.ch\/index.php\/wp-json\/wp\/v2\/media?parent=806"}],"curies":[{"name":"wp","href":"https:\/\/api.w.org\/{rel}","templated":true}]}}